{"id":4689,"date":"2026-02-11T22:29:14","date_gmt":"2026-02-11T22:29:14","guid":{"rendered":"https:\/\/2ha.digital\/portal3\/?page_id=4689"},"modified":"2026-02-11T22:30:51","modified_gmt":"2026-02-11T22:30:51","slug":"cookies","status":"publish","type":"page","link":"https:\/\/2ha.digital\/index.php\/cookies\/","title":{"rendered":"Legal &#8211; Pol\u00edtica de Cookies"},"content":{"rendered":"\t\t<div data-elementor-type=\"wp-page\" data-elementor-id=\"4689\" class=\"elementor elementor-4689\">\n\t\t\t\t<div class=\"elementor-element elementor-element-2fa94557 e-flex e-con-boxed e-con e-parent\" data-id=\"2fa94557\" data-element_type=\"container\" data-e-type=\"container\">\n\t\t\t\t\t<div class=\"e-con-inner\">\n\t\t\t\t<div class=\"elementor-element elementor-element-6780150 elementor-widget elementor-widget-text-editor\" data-id=\"6780150\" data-element_type=\"widget\" data-e-type=\"widget\" data-widget_type=\"text-editor.default\">\n\t\t\t\t\t\t\t\t\t<div id=\"model-response-message-contentr_df7c27709089cb72\" class=\"markdown markdown-main-panel stronger enable-updated-hr-color\" dir=\"ltr\" aria-live=\"polite\" aria-busy=\"false\"><p id=\"p-rc_7152353d4de54000-142\" data-path-to-node=\"4\"><span data-path-to-node=\"4,1\"><span class=\"citation-278\">En <\/span><b data-path-to-node=\"4,1\" data-index-in-node=\"3\"><span class=\"citation-278\">2H\u00e1<\/span><\/b><span class=\"citation-278\">, marca operada por <\/span><b data-path-to-node=\"4,1\" data-index-in-node=\"26\"><span class=\"citation-278\">FORTESCOPE<\/span><\/b><span class=\"citation-278\"> (en adelante &#8220;<\/span><b data-path-to-node=\"4,1\" data-index-in-node=\"51\"><span class=\"citation-278\">FS<\/span><\/b><span class=\"citation-278\">&#8220;), utilizamos cookies y tecnolog\u00edas similares para mejorar su experiencia de navegaci\u00f3n, analizar el tr\u00e1fico de nuestro sitio y ofrecer funciones personalizadas<\/span><\/span><span data-path-to-node=\"4,3\">.<\/span><\/p><h3 data-path-to-node=\"5\"><b data-path-to-node=\"5\" data-index-in-node=\"0\">1. \u00bfQu\u00e9 son las cookies?<\/b><\/h3><p id=\"p-rc_7152353d4de54000-143\" data-path-to-node=\"6\"><span data-path-to-node=\"6,1\"><span class=\"citation-277\">Las cookies son peque\u00f1as cantidades de informaci\u00f3n que se almacenan en el navegador utilizado por cada usuario<\/span><\/span><span data-path-to-node=\"6,3\">. <\/span><span data-path-to-node=\"6,5\"><span class=\"citation-276\">Estos archivos permiten que el servidor recuerde ciertos datos sobre el usuario para visitas futuras, haciendo que la navegaci\u00f3n sea m\u00e1s fluida y amigable<\/span><\/span><span data-path-to-node=\"6,7\">.<\/span><\/p><h3 data-path-to-node=\"7\"><b data-path-to-node=\"7\" data-index-in-node=\"0\">2. \u00bfQu\u00e9 informaci\u00f3n recolectamos?<\/b><\/h3><p id=\"p-rc_7152353d4de54000-144\" data-path-to-node=\"8\"><span data-path-to-node=\"8,1\"><span class=\"citation-275\">A trav\u00e9s de las cookies, nuestros sistemas pueden recopilar informaci\u00f3n de \u00edndole no personal, tales como<\/span><\/span><span data-path-to-node=\"8,3\">:<\/span><\/p><ul data-path-to-node=\"9\"><li><p id=\"p-rc_7152353d4de54000-145\" data-path-to-node=\"9,0,0\"><span data-path-to-node=\"9,0,0,1\"><span class=\"citation-274\">Datos de ingreso y preferencias del usuario<\/span><\/span><span data-path-to-node=\"9,0,0,3\">.<\/span><\/p><\/li><li><p id=\"p-rc_7152353d4de54000-146\" data-path-to-node=\"9,1,0\"><span data-path-to-node=\"9,1,0,1\"><span class=\"citation-273\">Fecha y hora de acceso al sitio web<\/span><\/span><span data-path-to-node=\"9,1,0,3\">.<\/span><\/p><\/li><li><p id=\"p-rc_7152353d4de54000-147\" data-path-to-node=\"9,2,0\"><span data-path-to-node=\"9,2,0,1\"><span class=\"citation-272\">Sitios visitados dentro de nuestro dominio y direcci\u00f3n IP<\/span><\/span><span data-path-to-node=\"9,2,0,3\">.<\/span><\/p><\/li><li><p id=\"p-rc_7152353d4de54000-148\" data-path-to-node=\"9,3,0\"><span data-path-to-node=\"9,3,0,1\"><span class=\"citation-271\">Informaci\u00f3n t\u00e9cnica como el sistema operativo, tipo de navegador y resoluci\u00f3n de pantalla<\/span><\/span><span data-path-to-node=\"9,3,0,3\">.<\/span><\/p><\/li><\/ul><h3 data-path-to-node=\"10\"><b data-path-to-node=\"10\" data-index-in-node=\"0\">3. Tipos de Cookies que utilizamos<\/b><\/h3><ul data-path-to-node=\"11\"><li><p id=\"p-rc_7152353d4de54000-149\" data-path-to-node=\"11,0,1\"><span data-path-to-node=\"11,0,1,0\"><b data-path-to-node=\"11,0,1,0\" data-index-in-node=\"0\"><span class=\"citation-270\">Cookies T\u00e9cnicas:<\/span><\/b><span class=\"citation-270\"> Necesarias para el funcionamiento del sitio web y la prestaci\u00f3n de los servicios contratados<\/span><\/span><span data-path-to-node=\"11,0,1,2\">.<\/span><\/p><\/li><li><p id=\"p-rc_7152353d4de54000-150\" data-path-to-node=\"11,1,1\"><span data-path-to-node=\"11,1,1,0\"><b data-path-to-node=\"11,1,1,0\" data-index-in-node=\"0\"><span class=\"citation-269\">Cookies de An\u00e1lisis:<\/span><\/b><span class=\"citation-269\"> Aquellas que, tratadas por nosotros o por terceros (como Google), nos permiten cuantificar el n\u00famero de usuarios y realizar la medici\u00f3n estad\u00edstica del uso que hacen los usuarios de nuestro servicio<\/span><\/span><span data-path-to-node=\"11,1,1,2\">.<\/span><\/p><\/li><li><p id=\"p-rc_7152353d4de54000-150\" data-path-to-node=\"11,1,1\"><span data-path-to-node=\"11,2,1,0\"><b data-path-to-node=\"11,2,1,0\" data-index-in-node=\"0\"><span class=\"citation-268\">Cookies de Terceros:<\/span><\/b><span class=\"citation-268\"> Nuestro sitio puede incluir enlaces o anuncios de socios comerciales que utilicen sus propias cookies o &#8220;web beacons&#8221; para recopilar estad\u00edsticas an\u00f3nimas sobre los visitantes<\/span><\/span><span data-path-to-node=\"11,2,1,2\">. <\/span><span data-path-to-node=\"11,2,1,4\"><span class=\"citation-267\">Las pr\u00e1cticas de estas empresas externas no est\u00e1n cubiertas por nuestra Pol\u00edtica de Privacidad<\/span><\/span><span data-path-to-node=\"11,2,1,6\">.<\/span><\/p><\/li><\/ul><h3 data-path-to-node=\"12\"><b data-path-to-node=\"12\" data-index-in-node=\"0\">4. C\u00f3mo desactivar las cookies<\/b><\/h3><p id=\"p-rc_7152353d4de54000-152\" data-path-to-node=\"13\"><span data-path-to-node=\"13,1\"><span class=\"citation-266\">Usted tiene la facultad de desactivar o eliminar las cookies en cualquier momento desde la configuraci\u00f3n de su navegador de Internet<\/span><\/span><span data-path-to-node=\"13,3\">. <\/span><span data-path-to-node=\"13,5\"><span class=\"citation-265\">Sin embargo, debe tomar en cuenta que, si decide desactivarlas, esto podr\u00eda afectar o limitar algunas funciones y herramientas de nuestro sitio web<\/span><\/span><span data-path-to-node=\"13,7\">.<\/span><\/p><h3 data-path-to-node=\"14\"><b data-path-to-node=\"14\" data-index-in-node=\"0\">5. Consentimiento<\/b><\/h3><p id=\"p-rc_7152353d4de54000-153\" data-path-to-node=\"15\"><span data-path-to-node=\"15,1\"><span class=\"citation-264\">Al navegar por <\/span><b data-path-to-node=\"15,1\" data-index-in-node=\"15\"><span class=\"citation-264\">2ha.digital<\/span><\/b><span class=\"citation-264\">, usted acepta el uso de cookies en los t\u00e9rminos anteriormente descritos, a menos que haya procedido a su desactivaci\u00f3n manual en su navegador<\/span><\/span><span data-path-to-node=\"15,3\">.<\/span><\/p><\/div>\t\t\t\t\t\t\t\t<\/div>\n\t\t\t\t\t<\/div>\n\t\t\t\t<\/div>\n\t\t\t\t<\/div>\n\t\t","protected":false},"excerpt":{"rendered":"<p>En 2H\u00e1, marca operada por FORTESCOPE (en adelante &#8220;FS&#8220;), utilizamos cookies y tecnolog\u00edas similares para mejorar su experiencia de navegaci\u00f3n, analizar el tr\u00e1fico de nuestro sitio y ofrecer funciones personalizadas. 1. \u00bfQu\u00e9 son las cookies? Las cookies son peque\u00f1as cantidades de informaci\u00f3n que se almacenan en el navegador utilizado por cada usuario. Estos archivos permiten [&hellip;]<\/p>\n","protected":false},"author":1,"featured_media":0,"parent":0,"menu_order":0,"comment_status":"closed","ping_status":"closed","template":"","meta":{"_acf_changed":false,"_monsterinsights_skip_tracking":false,"_monsterinsights_sitenote_active":false,"_monsterinsights_sitenote_note":"","_monsterinsights_sitenote_category":0,"_uf_show_specific_survey":0,"_uf_disable_surveys":false,"footnotes":""},"class_list":["post-4689","page","type-page","status-publish","hentry"],"acf":[],"_links":{"self":[{"href":"https:\/\/2ha.digital\/index.php\/wp-json\/wp\/v2\/pages\/4689","targetHints":{"allow":["GET"]}}],"collection":[{"href":"https:\/\/2ha.digital\/index.php\/wp-json\/wp\/v2\/pages"}],"about":[{"href":"https:\/\/2ha.digital\/index.php\/wp-json\/wp\/v2\/types\/page"}],"author":[{"embeddable":true,"href":"https:\/\/2ha.digital\/index.php\/wp-json\/wp\/v2\/users\/1"}],"replies":[{"embeddable":true,"href":"https:\/\/2ha.digital\/index.php\/wp-json\/wp\/v2\/comments?post=4689"}],"version-history":[{"count":4,"href":"https:\/\/2ha.digital\/index.php\/wp-json\/wp\/v2\/pages\/4689\/revisions"}],"predecessor-version":[{"id":4693,"href":"https:\/\/2ha.digital\/index.php\/wp-json\/wp\/v2\/pages\/4689\/revisions\/4693"}],"wp:attachment":[{"href":"https:\/\/2ha.digital\/index.php\/wp-json\/wp\/v2\/media?parent=4689"}],"curies":[{"name":"wp","href":"https:\/\/api.w.org\/{rel}","templated":true}]}}