{"id":4638,"date":"2026-02-11T21:58:41","date_gmt":"2026-02-11T21:58:41","guid":{"rendered":"https:\/\/2ha.digital\/portal3\/?page_id=4638"},"modified":"2026-02-11T22:22:06","modified_gmt":"2026-02-11T22:22:06","slug":"ps-reclutamiento","status":"publish","type":"page","link":"https:\/\/2ha.digital\/index.php\/ps-reclutamiento\/","title":{"rendered":"Legal &#8211; Pol\u00edticas de Servicio"},"content":{"rendered":"\t\t<div data-elementor-type=\"wp-page\" data-elementor-id=\"4638\" class=\"elementor elementor-4638\">\n\t\t\t\t<div class=\"elementor-element elementor-element-2fa94557 e-flex e-con-boxed e-con e-parent\" data-id=\"2fa94557\" data-element_type=\"container\" data-e-type=\"container\">\n\t\t\t\t\t<div class=\"e-con-inner\">\n\t\t\t\t<div class=\"elementor-element elementor-element-6780150 elementor-widget elementor-widget-text-editor\" data-id=\"6780150\" data-element_type=\"widget\" data-e-type=\"widget\" data-widget_type=\"text-editor.default\">\n\t\t\t\t\t\t\t\t\t<h1><strong>Pol\u00edtica de Servicio &#8211; Reclutamiento HeadHunting \u00c1gil<\/strong><\/h1><p>\u00a0<\/p><p><strong>Compromisos Empresa \u2013 Cliente<\/strong><\/p><p>Para <strong>2H\u00e1<\/strong>, marca propiedad de <strong>FORTESCOPE<\/strong> (en adelante &#8220;<strong>FS<\/strong>&#8220;), es fundamental mantener relaciones duraderas y cordiales. Por esta raz\u00f3n, hemos definido las siguientes Pol\u00edticas de Servicio aplicables de manera obligatoria al realizar el pago de uno o m\u00e1s servicios:<\/p><ol><li><strong>Referente a 2H\u00e1 (Compromisos del Prestador)<\/strong><\/li><\/ol><ul><li><strong>Calidad y Valor:<\/strong> Satisfacer las necesidades de las partes interesadas, prestando un servicio oportuno, confiable y de valor.<\/li><li><strong>Cumplimiento:<\/strong> Asegurar la calidad de los servicios mediante la evaluaci\u00f3n y cumplimiento de nuestros contratos.<\/li><li><strong>Innovaci\u00f3n:<\/strong> Buscar la mejora e innovaci\u00f3n constante de nuestro servicio.<\/li><li><strong>Herramientas:<\/strong> Proporcionar al cliente herramientas automatizadas orientadas a la prestaci\u00f3n de un servicio eficaz y mantenerlo informado.<\/li><li><strong>Seguridad:<\/strong> Promover un ambiente de trabajo actualizado y seguro en todos los medios de comunicaci\u00f3n empleados.<\/li><li><strong>Desarrollo:<\/strong> Gestionar los recursos necesarios para el desarrollo personal y profesional de nuestros clientes.<\/li><li><strong>Equipo Humano:<\/strong> Reconocer e incentivar el desempe\u00f1o de nuestros colaboradores para asegurar una excelencia en la prestaci\u00f3n del servicio.<\/li><li><strong>Entregas de Terna:<\/strong> Entregar la terna de candidatos dentro de la fecha estipulada.<\/li><li><strong>Ajustes en Fechas de Entrega:<\/strong> Los plazos podr\u00e1n variar exclusivamente por:<ul><li><strong>D\u00edas de asueto oficiales (M\u00e9xico):<\/strong> 1 de enero, primer lunes de febrero, tercer lunes de marzo, 1 de mayo, 16 de septiembre, tercer lunes de noviembre y 25 de diciembre.<\/li><li><strong>D\u00edas de asueto no oficiales:<\/strong> D\u00edas Santos, 24 y 31 de diciembre.<\/li><li><strong>Pr\u00f3rroga t\u00e9cnica:<\/strong> Extensi\u00f3n de hasta 5 d\u00edas naturales adicionales para asegurar la calidad de los perfiles.<\/li><li><strong>Acuerdos Mutuos:<\/strong> Entrega de candidatos por partes y no en una sola exhibici\u00f3n.<\/li><\/ul><\/li><li><strong>Culminaci\u00f3n del Servicio:<\/strong> Si el cliente decide avanzar con un candidato para contratar antes de completar la terna, los candidatos restantes no se enviar\u00e1n, dando el servicio por culminado exitosamente.<\/li><\/ul><ol><li><strong>Referente al Cliente (Obligaciones y Tiempos Cr\u00edticos)<\/strong><\/li><\/ol><p>Para el \u00e9xito del proceso, el cliente se obliga a:<\/p><ul><li><strong>Alcance:<\/strong> Apegarse a los lineamientos y alcance del servicio solicitado y pagado a <strong>FS<\/strong>.<\/li><li><strong>Informaci\u00f3n:<\/strong> Responder con honestidad y exactitud el documento de Perfil de Puesto y proporcionar la documentaci\u00f3n requerida para el arranque.<\/li><li><strong>Comunicaci\u00f3n:<\/strong> Emplear lenguaje educado y propio en toda etapa; apegarse a nuestras plataformas y medios oficiales de comunicaci\u00f3n.<\/li><li><strong>Resoluci\u00f3n de Dudas:<\/strong> Brindar respuestas al equipo de <strong>2H\u00e1<\/strong> en tiempo y forma.<\/li><li><strong>Gesti\u00f3n de Candidatos (Tiempos Obligatorios):<\/strong><ul><li><strong>Entrevistas:<\/strong> El cliente cuenta con <strong>5 d\u00edas naturales<\/strong> para contactar y entrevistar a los candidatos finalistas enviados.<\/li><li><strong>Evaluaciones:<\/strong> Posterior a las entrevistas, cuenta con <strong>5 d\u00edas naturales<\/strong> para evaluaciones internas e investigaci\u00f3n de referencias.<\/li><li><strong>Oferta y Negociaci\u00f3n:<\/strong> El cliente cuenta con <strong>3 d\u00edas naturales<\/strong> para presentar la oferta al candidato seleccionado.<\/li><li><strong>Notificaci\u00f3n de Ingreso:<\/strong> Tras la oferta, cuenta con <strong>2 d\u00edas naturales<\/strong> para notificar a su ejecutivo de <strong>2H\u00e1<\/strong> la fecha de ingreso.<\/li><\/ul><\/li><li><strong>Condiciones de la Oferta Laboral:<\/strong><ul><li>El inicio de labores debe ser en un periodo menor a <strong>15 d\u00edas naturales<\/strong> desde la oferta o en la quincena m\u00e1s pr\u00f3xima.<\/li><li>La oferta debe respetar los tiempos solicitados por el candidato.<\/li><\/ul><\/li><li><strong>Retroalimentaci\u00f3n:<\/strong> Enviar feedback de cada candidato entrevistado en un lapso m\u00e1ximo de <strong>24 horas h\u00e1biles<\/strong>.<\/li><li><strong>Responsabilidad:<\/strong> Hacerse responsable de la toma de decisi\u00f3n final y sus consecuencias.<\/li><li><strong>Garant\u00edas y Reportes:<\/strong> Realizar reclamos seg\u00fan las <em>Garant\u00edas de Servicio<\/em> y levantar tickets oficiales en caso de reportar incumplimientos.<\/li><li><strong>Cierre:<\/strong> Responder la Encuesta de Satisfacci\u00f3n para el cierre administrativo del servicio.<\/li><\/ul>\t\t\t\t\t\t\t\t<\/div>\n\t\t\t\t\t<\/div>\n\t\t\t\t<\/div>\n\t\t\t\t<\/div>\n\t\t","protected":false},"excerpt":{"rendered":"<p>Pol\u00edtica de Servicio &#8211; Reclutamiento HeadHunting \u00c1gil \u00a0 Compromisos Empresa \u2013 Cliente Para 2H\u00e1, marca propiedad de FORTESCOPE (en adelante &#8220;FS&#8220;), es fundamental mantener relaciones duraderas y cordiales. Por esta raz\u00f3n, hemos definido las siguientes Pol\u00edticas de Servicio aplicables de manera obligatoria al realizar el pago de uno o m\u00e1s servicios: Referente a 2H\u00e1 (Compromisos [&hellip;]<\/p>\n","protected":false},"author":1,"featured_media":0,"parent":0,"menu_order":0,"comment_status":"closed","ping_status":"closed","template":"","meta":{"_acf_changed":false,"_monsterinsights_skip_tracking":false,"_monsterinsights_sitenote_active":false,"_monsterinsights_sitenote_note":"","_monsterinsights_sitenote_category":0,"_uf_show_specific_survey":0,"_uf_disable_surveys":false,"footnotes":""},"class_list":["post-4638","page","type-page","status-publish","hentry"],"acf":[],"_links":{"self":[{"href":"https:\/\/2ha.digital\/index.php\/wp-json\/wp\/v2\/pages\/4638","targetHints":{"allow":["GET"]}}],"collection":[{"href":"https:\/\/2ha.digital\/index.php\/wp-json\/wp\/v2\/pages"}],"about":[{"href":"https:\/\/2ha.digital\/index.php\/wp-json\/wp\/v2\/types\/page"}],"author":[{"embeddable":true,"href":"https:\/\/2ha.digital\/index.php\/wp-json\/wp\/v2\/users\/1"}],"replies":[{"embeddable":true,"href":"https:\/\/2ha.digital\/index.php\/wp-json\/wp\/v2\/comments?post=4638"}],"version-history":[{"count":9,"href":"https:\/\/2ha.digital\/index.php\/wp-json\/wp\/v2\/pages\/4638\/revisions"}],"predecessor-version":[{"id":4683,"href":"https:\/\/2ha.digital\/index.php\/wp-json\/wp\/v2\/pages\/4638\/revisions\/4683"}],"wp:attachment":[{"href":"https:\/\/2ha.digital\/index.php\/wp-json\/wp\/v2\/media?parent=4638"}],"curies":[{"name":"wp","href":"https:\/\/api.w.org\/{rel}","templated":true}]}}