{"id":3,"date":"2026-02-03T18:17:05","date_gmt":"2026-02-03T18:17:05","guid":{"rendered":"https:\/\/2ha.digital\/portal3\/?page_id=3"},"modified":"2026-02-11T21:55:35","modified_gmt":"2026-02-11T21:55:35","slug":"privacidad","status":"publish","type":"page","link":"https:\/\/2ha.digital\/index.php\/privacidad\/","title":{"rendered":"Legal &#8211; Aviso de Privacidad"},"content":{"rendered":"\t\t<div data-elementor-type=\"wp-page\" data-elementor-id=\"3\" class=\"elementor elementor-3\">\n\t\t\t\t<div class=\"elementor-element elementor-element-2fa94557 e-flex e-con-boxed e-con e-parent\" data-id=\"2fa94557\" data-element_type=\"container\" data-e-type=\"container\">\n\t\t\t\t\t<div class=\"e-con-inner\">\n\t\t\t\t<div class=\"elementor-element elementor-element-6780150 elementor-widget elementor-widget-text-editor\" data-id=\"6780150\" data-element_type=\"widget\" data-e-type=\"widget\" data-widget_type=\"text-editor.default\">\n\t\t\t\t\t\t\t\t\t<p><strong>Aviso de Privacidad<\/strong><\/p>\n<ol>\n<li><strong> Identidad y Domicilio del Responsable<\/strong><\/li>\n<\/ol>\n<p>El responsable del tratamiento de sus datos personales es <strong>FORTESCOPE<\/strong> (en adelante indistintamente como &#8220;<strong>FS<\/strong>&#8220;), quien es la entidad legal constituida titular de los productos y servicios ofrecidos bajo la marca comercial <strong>2H\u00e1<\/strong>. FS tiene su domicilio en Av. Insurgentes 4001 Of-602, Col. San Jer\u00f3nimo, Monterrey, NL, M\u00e9xico, 64620. Para efectos del presente aviso, toda referencia a <strong>2H\u00e1<\/strong> se entender\u00e1 realizada a la actividad comercial de FS.<\/p>\n<ol start=\"2\">\n<li><strong> Datos Personales que Recabamos<\/strong><\/li>\n<\/ol>\n<p><strong>2H\u00e1<\/strong> podr\u00e1 recabar los siguientes datos personales:<\/p>\n<ul>\n<li><strong>Identificaci\u00f3n y contacto:<\/strong> Nombre, direcci\u00f3n de correo electr\u00f3nico, y perfiles de redes sociales.<\/li>\n<li><strong>Informaci\u00f3n Profesional:<\/strong> Datos contenidos en CVs o anuncios de empleo enviados a trav\u00e9s de nuestra Bolsa de Trabajo.<\/li>\n<li><strong>Datos de Navegaci\u00f3n:<\/strong> Direcci\u00f3n IP, sistema operativo y tipo de navegador (recopilados de forma an\u00f3nima para fines estad\u00edsticos).<\/li>\n<\/ul>\n<ol start=\"3\">\n<li><strong> Finalidades del Tratamiento<\/strong><\/li>\n<\/ol>\n<p>Los datos recabados por <strong>2H\u00e1<\/strong> ser\u00e1n utilizados para:<\/p>\n<ul>\n<li><strong>Finalidades Primarias:<\/strong> Prestaci\u00f3n de servicios de StaffCare y Reclutamiento, gesti\u00f3n de cobros y pagos por parte de FS, procesamiento de vacantes laborales y atenci\u00f3n a solicitudes de contacto.<\/li>\n<li><strong>Finalidades Secundarias:<\/strong> Env\u00edo de boletines informativos (newsletter), realizaci\u00f3n de encuestas para mejorar el servicio y notificaci\u00f3n de premios en din\u00e1micas o concursos.<\/li>\n<\/ul>\n<ol start=\"4\">\n<li><strong> Transferencia de Datos<\/strong><\/li>\n<\/ol>\n<p><strong>2H\u00e1<\/strong> no vende ni alquila sus datos personales a terceros. Sus datos podr\u00e1n ser compartidos exclusivamente en los siguientes casos:<\/p>\n<ul>\n<li>Con proveedores de servicios tecnol\u00f3gicos que act\u00faan como encargados (ej. servicios de hosting o env\u00edo de correos).<\/li>\n<li>Cuando sea requerido por una autoridad judicial o para investigar posibles actividades il\u00edcitas o violaciones a nuestros t\u00e9rminos de uso.<\/li>\n<li>En caso de una fusi\u00f3n o adquisici\u00f3n corporativa de FS.<\/li>\n<\/ul>\n<ol start=\"5\">\n<li><strong> Derechos ARCO (Acceso, Rectificaci\u00f3n, Cancelaci\u00f3n y Oposici\u00f3n)<\/strong><\/li>\n<\/ol>\n<p>Usted tiene derecho a conocer qu\u00e9 datos personales tenemos de usted, para qu\u00e9 los utilizamos y las condiciones del uso que les damos (Acceso). Asimismo, es su derecho solicitar la correcci\u00f3n de su informaci\u00f3n (Rectificaci\u00f3n), que la eliminemos de nuestros registros (Cancelaci\u00f3n) o ponerse al uso de sus datos para fines espec\u00edficos (Oposici\u00f3n).<\/p>\n<p>Para ejercer estos derechos, puede enviar una solicitud al correo electr\u00f3nico: <strong>contacto@2ha.mx<\/strong>.<\/p>\n<ol start=\"6\">\n<li><strong> Uso de Cookies<\/strong><\/li>\n<\/ol>\n<p>El sitio web de <strong>2H\u00e1<\/strong> utiliza cookies para facilitar la navegaci\u00f3n y personalizar la experiencia del usuario. Estas almacenan informaci\u00f3n como preferencias de ingreso y direcci\u00f3n IP de forma an\u00f3nima. Usted puede desactivar las cookies desde la configuraci\u00f3n de su navegador, aunque esto podr\u00eda afectar algunas funciones del sitio.<\/p>\n<ol start=\"7\">\n<li><strong> Cambios al Aviso de Privacidad<\/strong><\/li>\n<\/ol>\n<p><strong>2H\u00e1<\/strong> se reserva el derecho de actualizar este aviso en cualquier momento para atender novedades legislativas o pol\u00edticas internas. Las versiones actualizadas estar\u00e1n siempre disponibles en nuestro sitio web.<\/p>\t\t\t\t\t\t\t\t<\/div>\n\t\t\t\t\t<\/div>\n\t\t\t\t<\/div>\n\t\t\t\t<\/div>\n\t\t","protected":false},"excerpt":{"rendered":"<p>Aviso de Privacidad Identidad y Domicilio del Responsable El responsable del tratamiento de sus datos personales es FORTESCOPE (en adelante indistintamente como &#8220;FS&#8220;), quien es la entidad legal constituida titular de los productos y servicios ofrecidos bajo la marca comercial 2H\u00e1. FS tiene su domicilio en Av. Insurgentes 4001 Of-602, Col. San Jer\u00f3nimo, Monterrey, NL, [&hellip;]<\/p>\n","protected":false},"author":1,"featured_media":0,"parent":0,"menu_order":0,"comment_status":"closed","ping_status":"closed","template":"","meta":{"_acf_changed":false,"_monsterinsights_skip_tracking":false,"_monsterinsights_sitenote_active":false,"_monsterinsights_sitenote_note":"","_monsterinsights_sitenote_category":0,"_uf_show_specific_survey":0,"_uf_disable_surveys":false,"footnotes":""},"class_list":["post-3","page","type-page","status-publish","hentry"],"acf":[],"_links":{"self":[{"href":"https:\/\/2ha.digital\/index.php\/wp-json\/wp\/v2\/pages\/3","targetHints":{"allow":["GET"]}}],"collection":[{"href":"https:\/\/2ha.digital\/index.php\/wp-json\/wp\/v2\/pages"}],"about":[{"href":"https:\/\/2ha.digital\/index.php\/wp-json\/wp\/v2\/types\/page"}],"author":[{"embeddable":true,"href":"https:\/\/2ha.digital\/index.php\/wp-json\/wp\/v2\/users\/1"}],"replies":[{"embeddable":true,"href":"https:\/\/2ha.digital\/index.php\/wp-json\/wp\/v2\/comments?post=3"}],"version-history":[{"count":6,"href":"https:\/\/2ha.digital\/index.php\/wp-json\/wp\/v2\/pages\/3\/revisions"}],"predecessor-version":[{"id":4661,"href":"https:\/\/2ha.digital\/index.php\/wp-json\/wp\/v2\/pages\/3\/revisions\/4661"}],"wp:attachment":[{"href":"https:\/\/2ha.digital\/index.php\/wp-json\/wp\/v2\/media?parent=3"}],"curies":[{"name":"wp","href":"https:\/\/api.w.org\/{rel}","templated":true}]}}